{"id":145,"date":"2021-01-22T10:34:35","date_gmt":"2021-01-22T09:34:35","guid":{"rendered":"https:\/\/mail-bank.de\/?page_id=145"},"modified":"2026-03-12T11:42:12","modified_gmt":"2026-03-12T10:42:12","slug":"mail-bank-docs","status":"publish","type":"page","link":"https:\/\/mail-bank.de\/","title":{"rendered":"Mail-Bank-Docs"},"content":{"rendered":"<div id=\"pl-145\"  class=\"panel-layout\" ><div id=\"pg-145-0\"  class=\"panel-grid panel-no-style\" ><div id=\"pgc-145-0-0\"  class=\"panel-grid-cell\" ><div id=\"panel-145-0-0-0\" class=\"so-panel widget widget_sow-editor panel-first-child panel-last-child panel-has-overlay\" data-index=\"0\" ><div class=\"panel-widget-style panel-widget-style-for-145-0-0-0\" >\t\t\t\t<div\n\t\t\t\t\tclass=\"panel-background-overlay\"\n\t\t\t\t\t\t\t\t\t\t\tstyle=\"background-image:url(https:\/\/mail-bank.de\/wp-content\/uploads\/2020\/01\/mb-logo.png);background-position:center center;background-size:cover;opacity:0.32;\"\n\t\t\t\t\t\t\t\t\t>\n\t\t\t\t\t\t\t\t\t<\/div>\n\t\t\t\t<div\n\t\t\t\n\t\t\tclass=\"so-widget-sow-editor so-widget-sow-editor-base\"\n\t\t\t\n\t\t>\n<div class=\"siteorigin-widget-tinymce textwidget\">\n\t<h1 style=\"text-align: center;\" data-section-id=\"xa3mff\" data-start=\"275\" data-end=\"294\"><strong data-start=\"277\" data-end=\"294\">Quellenarchiv<\/strong><\/h1>\n<p style=\"text-align: center;\" data-start=\"296\" data-end=\"392\"><strong><em data-start=\"296\" data-end=\"392\">Archivierte Dokumente und Quellen zur nachvollziehbaren Dokumentation von Recherchegrundlagen.<\/em><\/strong><\/p>\n<p style=\"text-align: center;\" data-start=\"394\" data-end=\"538\">Diese Website dient ausschlie\u00dflich privaten Dokumentationszwecken. Sie stellt kein \u00f6ffentliches Informations- oder Ver\u00f6ffentlichungsangebot dar.<\/p>\n<p style=\"text-align: center;\" data-start=\"540\" data-end=\"723\">Das Mail-Bank-Dokument-Depot dient der gesicherten Ablage von Dokumenten sowie von Verweisen auf externe Dokumentquellen, die im Rahmen themenbezogener Recherchen dokumentiert werden.<\/p>\n<p style=\"text-align: center;\" data-start=\"725\" data-end=\"977\">Der Zugriff auf die hinterlegten Inhalte ist passwortgesch\u00fctzt; die gespeicherten Daten k\u00f6nnen gegebenenfalls zus\u00e4tzlich technisch verschl\u00fcsselt abgelegt sein. Eine \u00f6ffentliche Anzeige oder direkte Abrufbarkeit der archivierten Dokumente erfolgt nicht.<\/p>\n<p style=\"text-align: center;\" data-start=\"979\" data-end=\"1403\">Bei den im Archiv abgelegten Unterlagen handelt es sich \u00fcberwiegend um Dokumente oder Verweise auf Dokumente aus \u00f6ffentlich zug\u00e4nglichen Quellen. Die Speicherung erfolgt ausschlie\u00dflich zu Archiv- und Dokumentationszwecken, insbesondere um den urspr\u00fcnglichen Zustand der Materialien festzuhalten und sp\u00e4tere Ver\u00e4nderungen, Aktualisierungen oder ein m\u00f6gliches Verschwinden der urspr\u00fcnglichen Quellen nachvollziehbar zu machen.<\/p>\n<p style=\"text-align: center;\" data-start=\"1405\" data-end=\"1537\">Eine eigenst\u00e4ndige Ver\u00f6ffentlichung oder \u00f6ffentliche Zug\u00e4nglichmachung der archivierten Inhalte findet an dieser Stelle nicht statt.<\/p>\n<p style=\"text-align: center;\" data-start=\"1539\" data-end=\"1707\">Beim Besuch dieser Seite werden grunds\u00e4tzlich keine personenbezogenen Daten erhoben oder verarbeitet. Analyse-, Tracking- oder Marketingdienste werden nicht eingesetzt.<\/p>\n<p style=\"text-align: center;\" data-start=\"1709\" data-end=\"2034\">Soweit im Einzelfall technisch notwendige Systemfunktionen der Website ein Cookie setzen sollten (z. B. zur Sicherstellung der technischen Darstellung der Seite), erfolgt dies ausschlie\u00dflich zu technisch erforderlichen Zwecken. Eine Auswertung des Nutzerverhaltens oder eine Weitergabe von Daten an Dritte findet nicht statt.<\/p>\n<\/div>\n<\/div><\/div><\/div><\/div><\/div><\/div>","protected":false},"excerpt":{"rendered":"<p>Quellenarchiv Archivierte Dokumente und Quellen zur nachvollziehbaren Dokumentation von Recherchegrundlagen. Diese Website dient ausschlie\u00dflich privaten Dokumentationszwecken. Sie stellt kein \u00f6ffentliches Informations- oder Ver\u00f6ffentlichungsangebot dar. Das Mail-Bank-Dokument-Depot dient der gesicherten Ablage von Dokumenten sowie von Verweisen auf externe Dokumentquellen, die im Rahmen themenbezogener Recherchen dokumentiert werden. Der Zugriff auf die hinterlegten Inhalte ist passwortgesch\u00fctzt; die gespeicherten [&hellip;]<\/p>\n","protected":false},"author":2,"featured_media":0,"parent":0,"menu_order":0,"comment_status":"closed","ping_status":"closed","template":"","meta":{"footnotes":""},"class_list":["post-145","page","type-page","status-publish","czr-hentry"],"_links":{"self":[{"href":"https:\/\/mail-bank.de\/index.php?rest_route=\/wp\/v2\/pages\/145","targetHints":{"allow":["GET"]}}],"collection":[{"href":"https:\/\/mail-bank.de\/index.php?rest_route=\/wp\/v2\/pages"}],"about":[{"href":"https:\/\/mail-bank.de\/index.php?rest_route=\/wp\/v2\/types\/page"}],"author":[{"embeddable":true,"href":"https:\/\/mail-bank.de\/index.php?rest_route=\/wp\/v2\/users\/2"}],"replies":[{"embeddable":true,"href":"https:\/\/mail-bank.de\/index.php?rest_route=%2Fwp%2Fv2%2Fcomments&post=145"}],"version-history":[{"count":18,"href":"https:\/\/mail-bank.de\/index.php?rest_route=\/wp\/v2\/pages\/145\/revisions"}],"predecessor-version":[{"id":351,"href":"https:\/\/mail-bank.de\/index.php?rest_route=\/wp\/v2\/pages\/145\/revisions\/351"}],"wp:attachment":[{"href":"https:\/\/mail-bank.de\/index.php?rest_route=%2Fwp%2Fv2%2Fmedia&parent=145"}],"curies":[{"name":"wp","href":"https:\/\/api.w.org\/{rel}","templated":true}]}}